{"id":71,"date":"2024-09-18T12:03:07","date_gmt":"2024-09-18T15:03:07","guid":{"rendered":"https:\/\/inversoresgroup.com\/vehiculos\/?post_type=product&#038;p=71"},"modified":"2024-09-18T16:42:38","modified_gmt":"2024-09-18T19:42:38","slug":"hi-way","status":"publish","type":"product","link":"https:\/\/inversoresgroup.com\/vehiculos\/index.php\/producto\/hi-way\/","title":{"rendered":"Hi-Way"},"content":{"rendered":"","protected":false},"excerpt":{"rendered":"<h1><span style=\"font-weight: 400;\">Hi-Way, sin\u00f3nimo de sofisticaci\u00f3n\u200b\u200b.<\/span><\/h1>\n<p><span style=\"font-weight: 400;\">El nuevo Iveco Hi-Way es el resultado del compromiso con las necesidades de nuestros clientes.\u00a0<\/span><\/p>\n<p><span style=\"font-weight: 400;\">Este veh\u00edculo, gracias a su nueva cabina, es uno de los m\u00e1s confortables del mercado. El modelo pas\u00f3 con \u00e9xito los m\u00e1s rigurosos test en las rutas de la regi\u00f3n comprobando toda su fuerza y robustez, como as\u00ed tambi\u00e9n su destacado dise\u00f1o moderno y aerodin\u00e1mico, la cabina m\u00e1s confortable del segmento, su bajo consumo de combustible y eficiencia. El nuevo Iveco Hi-Way, el m\u00e1s moderno extra pesado del mercado, posibilita al cliente una reducci\u00f3n en el costo total de sus operaciones.<\/span><\/p>\n<p><span style=\"font-weight: 400;\">Hi-Design &amp; Aerodynamics<\/span><\/p>\n<ul>\n<li style=\"font-weight: 400;\" aria-level=\"1\"><span style=\"font-weight: 400;\">Combinaci\u00f3n perfecta entre dise\u00f1o y funcionalidad<\/span><\/li>\n<li style=\"font-weight: 400;\" aria-level=\"1\"><span style=\"font-weight: 400;\">Gran eficiencia aerodin\u00e1mica<\/span><\/li>\n<li style=\"font-weight: 400;\" aria-level=\"1\"><span style=\"font-weight: 400;\">Bajo nivel de ruido en la cabina<\/span><\/li>\n<li style=\"font-weight: 400;\" aria-level=\"1\"><span style=\"font-weight: 400;\">Bajo consumo de combustible<\/span><\/li>\n<\/ul>\n<p><span style=\"font-weight: 400;\">Hi-Confort &amp; Ergonomics<\/span><\/p>\n<ul>\n<li style=\"font-weight: 400;\" aria-level=\"1\"><span style=\"font-weight: 400;\">Moderno dise\u00f1o interior, con acabados de alto est\u00e1ndar<\/span><\/li>\n<li style=\"font-weight: 400;\" aria-level=\"1\"><span style=\"font-weight: 400;\">Ergonom\u00eda y confort para el conductor<\/span><\/li>\n<li style=\"font-weight: 400;\" aria-level=\"1\"><span style=\"font-weight: 400;\">Material seleccionado por su calidad y durabilidad<\/span><\/li>\n<\/ul>\n<p><span style=\"font-weight: 400;\">Hi-Safety<\/span><\/p>\n<ul>\n<li style=\"font-weight: 400;\" aria-level=\"1\"><span style=\"font-weight: 400;\">El m\u00e1s potente y eficiente sistema de frenado del segmento<\/span><\/li>\n<li style=\"font-weight: 400;\" aria-level=\"1\"><span style=\"font-weight: 400;\">Frenos ABS<\/span><\/li>\n<li style=\"font-weight: 400;\" aria-level=\"1\"><span style=\"font-weight: 400;\">Freno auxiliar Intarder<\/span><\/li>\n<\/ul>\n<p><span style=\"font-weight: 400;\">Hi-Reliability<\/span><\/p>\n<ul>\n<li style=\"font-weight: 400;\" aria-level=\"1\"><span style=\"font-weight: 400;\">Cambios Eurotronic ZF automatizado, de 16 velocidades en serie<\/span><\/li>\n<li style=\"font-weight: 400;\" aria-level=\"1\"><span style=\"font-weight: 400;\">Suspensi\u00f3n mec\u00e1nica, ejes Meritor y motor FPT<\/span><\/li>\n<\/ul>\n<p><span style=\"font-weight: 400;\">Hi-Services<\/span><\/p>\n<ul>\n<li style=\"font-weight: 400;\" aria-level=\"1\"><span style=\"font-weight: 400;\">Postventa Iveco en cualquier lugar y a la hora que se lo necesite<\/span><\/li>\n<li style=\"font-weight: 400;\" aria-level=\"1\"><span style=\"font-weight: 400;\">Asistencia Non Stop: soporte t\u00e9cnico de emergencias las 24 horas, todos los d\u00edas del a\u00f1o<\/span><\/li>\n<li style=\"font-weight: 400;\" aria-level=\"1\"><span style=\"font-weight: 400;\">Repuestos 100% originales<\/span><\/li>\n<li style=\"font-weight: 400;\" aria-level=\"1\"><span style=\"font-weight: 400;\">Servicios financieros<\/span><\/li>\n<\/ul>\n<p><a href=\"http:\/\/inversoresgroup.com\/vehiculos\/wp-content\/uploads\/2024\/09\/ORIG.-FICHA-HI-WAY_new.pdf\">Ficha T\u00e9cnica<\/a><\/p>\n<p><strong>[waorder phone=\"5491149933314\" button=\"Consultar por WhatsApp\" message=\"Hola! Quiero mas informacion!\" target=\"yes\"]<\/strong><\/p>\n","protected":false},"featured_media":72,"template":"","meta":{"site-sidebar-layout":"default","site-content-layout":"","ast-site-content-layout":"default","site-content-style":"default","site-sidebar-style":"default","ast-global-header-display":"","ast-banner-title-visibility":"","ast-main-header-display":"","ast-hfb-above-header-display":"","ast-hfb-below-header-display":"","ast-hfb-mobile-header-display":"","site-post-title":"","ast-breadcrumbs-content":"","ast-featured-img":"","footer-sml-layout":"","theme-transparent-header-meta":"default","adv-header-id-meta":"","stick-header-meta":"","header-above-stick-meta":"","header-main-stick-meta":"","header-below-stick-meta":"","astra-migrate-meta-layouts":"set","ast-page-background-enabled":"default","ast-page-background-meta":{"desktop":{"background-color":"var(--ast-global-color-4)","background-image":"","background-repeat":"repeat","background-position":"center center","background-size":"auto","background-attachment":"scroll","background-type":"","background-media":"","overlay-type":"","overlay-color":"","overlay-opacity":"","overlay-gradient":""},"tablet":{"background-color":"","background-image":"","background-repeat":"repeat","background-position":"center center","background-size":"auto","background-attachment":"scroll","background-type":"","background-media":"","overlay-type":"","overlay-color":"","overlay-opacity":"","overlay-gradient":""},"mobile":{"background-color":"","background-image":"","background-repeat":"repeat","background-position":"center center","background-size":"auto","background-attachment":"scroll","background-type":"","background-media":"","overlay-type":"","overlay-color":"","overlay-opacity":"","overlay-gradient":""}},"ast-content-background-meta":{"desktop":{"background-color":"var(--ast-global-color-5)","background-image":"","background-repeat":"repeat","background-position":"center center","background-size":"auto","background-attachment":"scroll","background-type":"","background-media":"","overlay-type":"","overlay-color":"","overlay-opacity":"","overlay-gradient":""},"tablet":{"background-color":"var(--ast-global-color-5)","background-image":"","background-repeat":"repeat","background-position":"center center","background-size":"auto","background-attachment":"scroll","background-type":"","background-media":"","overlay-type":"","overlay-color":"","overlay-opacity":"","overlay-gradient":""},"mobile":{"background-color":"var(--ast-global-color-5)","background-image":"","background-repeat":"repeat","background-position":"center center","background-size":"auto","background-attachment":"scroll","background-type":"","background-media":"","overlay-type":"","overlay-color":"","overlay-opacity":"","overlay-gradient":""}}},"product_cat":[17,16],"product_tag":[],"class_list":{"0":"post-71","1":"product","2":"type-product","3":"status-publish","4":"has-post-thumbnail","6":"product_cat-0-km","7":"product_cat-iveco","8":"desktop-align-left","9":"tablet-align-left","10":"mobile-align-left","12":"first","13":"instock","14":"shipping-taxable","15":"product-type-simple"},"_links":{"self":[{"href":"https:\/\/inversoresgroup.com\/vehiculos\/index.php\/wp-json\/wp\/v2\/product\/71","targetHints":{"allow":["GET"]}}],"collection":[{"href":"https:\/\/inversoresgroup.com\/vehiculos\/index.php\/wp-json\/wp\/v2\/product"}],"about":[{"href":"https:\/\/inversoresgroup.com\/vehiculos\/index.php\/wp-json\/wp\/v2\/types\/product"}],"wp:featuredmedia":[{"embeddable":true,"href":"https:\/\/inversoresgroup.com\/vehiculos\/index.php\/wp-json\/wp\/v2\/media\/72"}],"wp:attachment":[{"href":"https:\/\/inversoresgroup.com\/vehiculos\/index.php\/wp-json\/wp\/v2\/media?parent=71"}],"wp:term":[{"taxonomy":"product_cat","embeddable":true,"href":"https:\/\/inversoresgroup.com\/vehiculos\/index.php\/wp-json\/wp\/v2\/product_cat?post=71"},{"taxonomy":"product_tag","embeddable":true,"href":"https:\/\/inversoresgroup.com\/vehiculos\/index.php\/wp-json\/wp\/v2\/product_tag?post=71"}],"curies":[{"name":"wp","href":"https:\/\/api.w.org\/{rel}","templated":true}]}}