{"id":78,"date":"2024-09-18T12:05:00","date_gmt":"2024-09-18T15:05:00","guid":{"rendered":"https:\/\/inversoresgroup.com\/vehiculos\/?post_type=product&#038;p=78"},"modified":"2024-09-18T16:43:10","modified_gmt":"2024-09-18T19:43:10","slug":"daily-chasis","status":"publish","type":"product","link":"https:\/\/inversoresgroup.com\/vehiculos\/index.php\/producto\/daily-chasis\/","title":{"rendered":"Daily Chasis"},"content":{"rendered":"","protected":false},"excerpt":{"rendered":"<h1><span style=\"font-weight: 400;\">Nuevo DAILY Chasis \/ Nuevo DAILY Chasis Doble Cabina<\/span><\/h1>\n<p><span style=\"font-weight: 400;\">El nuevo Daily llega para revolucionar el segmento y posicionarse como un referente en su categor\u00eda, brindando una nueva experiencia en el transporte de carga.<\/span><\/p>\n<p><span style=\"font-weight: 400;\">La gama Daily en esta oportunidad sorprende por su potencia, garantizando robustez y un excelente desempe\u00f1o para las misiones urbanas e interurbanas con sus nuevas configuraciones: 35-150, 55-170 y 70-170.<\/span><\/p>\n<p><span style=\"font-weight: 400;\">\u00danico veh\u00edculo comercial ligero con toda la fuerza de un cami\u00f3n, chasis de acero de hasta 5mm de grosor, ofrece una capacidad de carga \u00fatil de hasta 4.900 kg.<\/span><\/p>\n<p><span style=\"font-weight: 400;\">El nuevo Daily posee innovadoras l\u00edneas de cabina y atributos aerodin\u00e1micos y est\u00e9ticos. Adem\u00e1s, el veh\u00edculo cuenta con un nuevo panel de instrumentos que tiene funciones como control de crucero, limitador de velocidad, retroiluminaci\u00f3n y mensajes de mantenimiento. Ofrece tambi\u00e9n, como opcional, una pantalla t\u00e1ctil de siete pulgadas con funciones activadas por reconocimiento de voz, pantalla t\u00e1ctil apta para Android Auto y Apple Car Play, y un nuevo climatizador autom\u00e1tico digital.<\/span><\/p>\n<p><span style=\"font-weight: 400;\">En cuanto a la seguridad de la gama, la marca implement\u00f3 la m\u00e1xima tecnolog\u00eda disponible a nivel mundial en sistemas de asistencia de conducci\u00f3n para garantizar un viaje m\u00e1s seguro para el conductor y sus acompa\u00f1antes.<\/span><\/p>\n<p><span style=\"font-weight: 400;\">\u00a0<\/span><\/p>\n<p><b>\u00a1Hac\u00e9 el trabajo m\u00e1s r\u00e1pido y con menos viajes!<\/b><\/p>\n[waorder phone=\"5491149933314\" button=\"Consultar por WhatsApp\" message=\"Hola! Quiero mas informacion!\" target=\"yes\"]\n","protected":false},"featured_media":83,"template":"","meta":{"site-sidebar-layout":"default","site-content-layout":"","ast-site-content-layout":"default","site-content-style":"default","site-sidebar-style":"default","ast-global-header-display":"","ast-banner-title-visibility":"","ast-main-header-display":"","ast-hfb-above-header-display":"","ast-hfb-below-header-display":"","ast-hfb-mobile-header-display":"","site-post-title":"","ast-breadcrumbs-content":"","ast-featured-img":"","footer-sml-layout":"","theme-transparent-header-meta":"default","adv-header-id-meta":"","stick-header-meta":"","header-above-stick-meta":"","header-main-stick-meta":"","header-below-stick-meta":"","astra-migrate-meta-layouts":"set","ast-page-background-enabled":"default","ast-page-background-meta":{"desktop":{"background-color":"var(--ast-global-color-4)","background-image":"","background-repeat":"repeat","background-position":"center center","background-size":"auto","background-attachment":"scroll","background-type":"","background-media":"","overlay-type":"","overlay-color":"","overlay-opacity":"","overlay-gradient":""},"tablet":{"background-color":"","background-image":"","background-repeat":"repeat","background-position":"center center","background-size":"auto","background-attachment":"scroll","background-type":"","background-media":"","overlay-type":"","overlay-color":"","overlay-opacity":"","overlay-gradient":""},"mobile":{"background-color":"","background-image":"","background-repeat":"repeat","background-position":"center center","background-size":"auto","background-attachment":"scroll","background-type":"","background-media":"","overlay-type":"","overlay-color":"","overlay-opacity":"","overlay-gradient":""}},"ast-content-background-meta":{"desktop":{"background-color":"var(--ast-global-color-5)","background-image":"","background-repeat":"repeat","background-position":"center center","background-size":"auto","background-attachment":"scroll","background-type":"","background-media":"","overlay-type":"","overlay-color":"","overlay-opacity":"","overlay-gradient":""},"tablet":{"background-color":"var(--ast-global-color-5)","background-image":"","background-repeat":"repeat","background-position":"center center","background-size":"auto","background-attachment":"scroll","background-type":"","background-media":"","overlay-type":"","overlay-color":"","overlay-opacity":"","overlay-gradient":""},"mobile":{"background-color":"var(--ast-global-color-5)","background-image":"","background-repeat":"repeat","background-position":"center center","background-size":"auto","background-attachment":"scroll","background-type":"","background-media":"","overlay-type":"","overlay-color":"","overlay-opacity":"","overlay-gradient":""}}},"product_cat":[17,16],"product_tag":[],"class_list":{"0":"post-78","1":"product","2":"type-product","3":"status-publish","4":"has-post-thumbnail","6":"product_cat-0-km","7":"product_cat-iveco","8":"desktop-align-left","9":"tablet-align-left","10":"mobile-align-left","12":"first","13":"instock","14":"shipping-taxable","15":"product-type-simple"},"_links":{"self":[{"href":"https:\/\/inversoresgroup.com\/vehiculos\/index.php\/wp-json\/wp\/v2\/product\/78","targetHints":{"allow":["GET"]}}],"collection":[{"href":"https:\/\/inversoresgroup.com\/vehiculos\/index.php\/wp-json\/wp\/v2\/product"}],"about":[{"href":"https:\/\/inversoresgroup.com\/vehiculos\/index.php\/wp-json\/wp\/v2\/types\/product"}],"wp:featuredmedia":[{"embeddable":true,"href":"https:\/\/inversoresgroup.com\/vehiculos\/index.php\/wp-json\/wp\/v2\/media\/83"}],"wp:attachment":[{"href":"https:\/\/inversoresgroup.com\/vehiculos\/index.php\/wp-json\/wp\/v2\/media?parent=78"}],"wp:term":[{"taxonomy":"product_cat","embeddable":true,"href":"https:\/\/inversoresgroup.com\/vehiculos\/index.php\/wp-json\/wp\/v2\/product_cat?post=78"},{"taxonomy":"product_tag","embeddable":true,"href":"https:\/\/inversoresgroup.com\/vehiculos\/index.php\/wp-json\/wp\/v2\/product_tag?post=78"}],"curies":[{"name":"wp","href":"https:\/\/api.w.org\/{rel}","templated":true}]}}