{"id":99,"date":"2024-09-18T13:05:42","date_gmt":"2024-09-18T16:05:42","guid":{"rendered":"https:\/\/inversoresgroup.com\/vehiculos\/?post_type=product&#038;p=99"},"modified":"2024-09-18T16:43:48","modified_gmt":"2024-09-18T19:43:48","slug":"tector-recoleccion","status":"publish","type":"product","link":"https:\/\/inversoresgroup.com\/vehiculos\/index.php\/producto\/tector-recoleccion\/","title":{"rendered":"Tector Recolecci\u00f3n"},"content":{"rendered":"","protected":false},"excerpt":{"rendered":"<h1><span style=\"font-weight: 400;\">Tector Recolecci\u00f3n<\/span><\/h1>\n<p><span style=\"font-weight: 400;\">Recolector de residuos cuenta con una gama vers\u00e1til para afrontar las necesidades. Versiones 4&#215;2 de 17tn y motor 6 cilindros, 220Cv con caja manual y 6 cilindros, 280Cv con caja autom\u00e1tica. Adem\u00e1s, cuenta para las mayores exigencias, la variante 6&#215;2 de 24tn con motor 6 cilindros en 280Cv, con caja autom\u00e1tica. La gama Tector en sus versiones Attack, es siempre la mejor opci\u00f3n para cada necesidad.<\/span><\/p>\n[waorder phone=\"5491149933314\" button=\"Consultar por WhatsApp\" message=\"Hola! Quiero mas informacion!\" target=\"yes\"]\n","protected":false},"featured_media":100,"template":"","meta":{"site-sidebar-layout":"default","site-content-layout":"","ast-site-content-layout":"default","site-content-style":"default","site-sidebar-style":"default","ast-global-header-display":"","ast-banner-title-visibility":"","ast-main-header-display":"","ast-hfb-above-header-display":"","ast-hfb-below-header-display":"","ast-hfb-mobile-header-display":"","site-post-title":"","ast-breadcrumbs-content":"","ast-featured-img":"","footer-sml-layout":"","theme-transparent-header-meta":"default","adv-header-id-meta":"","stick-header-meta":"","header-above-stick-meta":"","header-main-stick-meta":"","header-below-stick-meta":"","astra-migrate-meta-layouts":"set","ast-page-background-enabled":"default","ast-page-background-meta":{"desktop":{"background-color":"var(--ast-global-color-4)","background-image":"","background-repeat":"repeat","background-position":"center center","background-size":"auto","background-attachment":"scroll","background-type":"","background-media":"","overlay-type":"","overlay-color":"","overlay-opacity":"","overlay-gradient":""},"tablet":{"background-color":"","background-image":"","background-repeat":"repeat","background-position":"center center","background-size":"auto","background-attachment":"scroll","background-type":"","background-media":"","overlay-type":"","overlay-color":"","overlay-opacity":"","overlay-gradient":""},"mobile":{"background-color":"","background-image":"","background-repeat":"repeat","background-position":"center center","background-size":"auto","background-attachment":"scroll","background-type":"","background-media":"","overlay-type":"","overlay-color":"","overlay-opacity":"","overlay-gradient":""}},"ast-content-background-meta":{"desktop":{"background-color":"var(--ast-global-color-5)","background-image":"","background-repeat":"repeat","background-position":"center center","background-size":"auto","background-attachment":"scroll","background-type":"","background-media":"","overlay-type":"","overlay-color":"","overlay-opacity":"","overlay-gradient":""},"tablet":{"background-color":"var(--ast-global-color-5)","background-image":"","background-repeat":"repeat","background-position":"center center","background-size":"auto","background-attachment":"scroll","background-type":"","background-media":"","overlay-type":"","overlay-color":"","overlay-opacity":"","overlay-gradient":""},"mobile":{"background-color":"var(--ast-global-color-5)","background-image":"","background-repeat":"repeat","background-position":"center center","background-size":"auto","background-attachment":"scroll","background-type":"","background-media":"","overlay-type":"","overlay-color":"","overlay-opacity":"","overlay-gradient":""}}},"product_cat":[17,16],"product_tag":[],"class_list":{"0":"post-99","1":"product","2":"type-product","3":"status-publish","4":"has-post-thumbnail","6":"product_cat-0-km","7":"product_cat-iveco","8":"desktop-align-left","9":"tablet-align-left","10":"mobile-align-left","12":"first","13":"instock","14":"shipping-taxable","15":"product-type-simple"},"_links":{"self":[{"href":"https:\/\/inversoresgroup.com\/vehiculos\/index.php\/wp-json\/wp\/v2\/product\/99","targetHints":{"allow":["GET"]}}],"collection":[{"href":"https:\/\/inversoresgroup.com\/vehiculos\/index.php\/wp-json\/wp\/v2\/product"}],"about":[{"href":"https:\/\/inversoresgroup.com\/vehiculos\/index.php\/wp-json\/wp\/v2\/types\/product"}],"wp:featuredmedia":[{"embeddable":true,"href":"https:\/\/inversoresgroup.com\/vehiculos\/index.php\/wp-json\/wp\/v2\/media\/100"}],"wp:attachment":[{"href":"https:\/\/inversoresgroup.com\/vehiculos\/index.php\/wp-json\/wp\/v2\/media?parent=99"}],"wp:term":[{"taxonomy":"product_cat","embeddable":true,"href":"https:\/\/inversoresgroup.com\/vehiculos\/index.php\/wp-json\/wp\/v2\/product_cat?post=99"},{"taxonomy":"product_tag","embeddable":true,"href":"https:\/\/inversoresgroup.com\/vehiculos\/index.php\/wp-json\/wp\/v2\/product_tag?post=99"}],"curies":[{"name":"wp","href":"https:\/\/api.w.org\/{rel}","templated":true}]}}